{"id":11,"date":"2017-05-11T18:24:15","date_gmt":"2017-05-11T18:24:15","guid":{"rendered":"http:\/\/jungschar-gaeu.ch\/web\/?page_id=11"},"modified":"2017-05-12T16:57:25","modified_gmt":"2017-05-12T16:57:25","slug":"leitbild","status":"publish","type":"page","link":"https:\/\/jungschar-gaeu.ch\/web\/?page_id=11","title":{"rendered":"Leitbild"},"content":{"rendered":"<p><!-- .entry-header --><\/p>\n<div class=\"entry-content\">\n<h3>Wer wir sind:<\/h3>\n<p>Die Jungschar G\u00e4u ist ein ausserschulisches Freizeitangebot f\u00fcr alle Kinder und Jugendliche zwischen 5 und 16 Jahren. Organisiert wird das Angebot von motivierten Leiterinnen und Leitern der ref. Kirchgemeinde G\u00e4u, welche in der Regel zwischen 14 und 25 Jahre alt sind.<\/p>\n<p>&nbsp;<\/p>\n<h3>Unsere Motivation:<\/h3>\n<p>\u201eAlle Kinder und Jugendlichen im G\u00e4u haben die M\u00f6glichkeit, das Evangelium so zu h\u00f6ren, dass sie sich f\u00fcr Jesus entscheiden k\u00f6nnen und in der J\u00fcngerschaft gef\u00f6rdert werden.\u201c<\/p>\n<p>BESJ Mission<\/p>\n<p>&nbsp;<\/p>\n<h3>Ziele der Jungschar G\u00e4u:<\/h3>\n<p>Die Jungschar G\u00e4u hat zum Ziel, allen Kindern und Jugendlichen der Region eine sinnvolle, abwechslungsreiche und lustvolle Freizeitbesch\u00e4ftigung anzubieten.Dabei sollen Spiel, Spass, Spannung, Natur pur, Gemeinschaft erleben und spannende Geschichten im Zentrum stehen. Auch das gemeinsame Singen und Geschichten h\u00f6ren nehmen einen grossen Stellenwert ein.Die Jungschar G\u00e4u will Kinder und Jugendliche ein St\u00fcck auf ihrem Lebensweg begleiten. In der Jungschar werden den Kindern christliche Grundwerte und Gottes Liebe vermittelt und vorgelebt. Dabei sollen bei den Kindern ein Licht der Hoffnung und Liebe entz\u00fcndet werden, damit sie selber mit ihrem Licht in dieser Welt leuchten k\u00f6nnen. Die Jungschar G\u00e4u soll ein Ort sein, wo die Kinder und Jugendlichen neue Beziehungen aufbauen und sich wohl f\u00fchlen k\u00f6nnen.<\/p>\n<p>&nbsp;<\/p>\n<h3>Was wir machen; Jungscharnachmittage:<\/h3>\n<p>Geschichten h\u00f6ren, singen und Gott loben, spielen und herumtoben, Gel\u00e4ndespiele, Seilbr\u00fccken im Wald, Feuer machen, Natur, Jungschitechnik (z.B. 1. Hilfe, Knoten, Karten lesen), Gemeinschaft erleben, spannende Geschichten h\u00f6ren, singen und Gott loben, basteln und kreativ sein, Ausfl\u00fcge (z.B. Eisbahn)\u2026.<\/p>\n<p>&nbsp;<\/p>\n<p>\u2013 Wann: jeden zweiten Samstag von 14:00 bis 17:00 Uhr (genauere Angaben siehe Jungscharprogramm)<br \/>\n\u2013 Wo: ref. Kirche Egerkingen<br \/>\n\u2013 Kleidung: alte, der Witterung entsprechende Kleidung und gute Schuhe<br \/>\n\u2013 Die Verpflegung wird von der Jungschar organisiert<\/p>\n<p>&nbsp;<\/p>\n<p>Die Jungscharnachmittage stehen unter einem Oberthema, welches jedes\u00a0Semester wechselt. Die Kinder werden je nach Aktivit\u00e4t in verschiedene Gruppen unterteilt, damit Aktivit\u00e4ten altersgerecht angeboten und durchgef\u00fchrt werden k\u00f6nnen.<\/p>\n<p>&nbsp;<\/p>\n<h3>Gruppen der Jungschar G\u00e4u:<\/h3>\n<table border=\"0\" cellspacing=\"1\" cellpadding=\"1\" align=\"left\">\n<tbody>\n<tr>\n<td>Ameisli:<\/td>\n<td>M\u00e4dchen und Knaben<\/td>\n<td>Kindergarten bis 2. Klasse<\/td>\n<\/tr>\n<tr>\n<td>Gletscherfl\u00f6he:<\/td>\n<td>M\u00e4dchen<\/td>\n<td>3. Klasse bis 5. Klasse<\/td>\n<\/tr>\n<tr>\n<td>Panter:<\/td>\n<td>Knaben<\/td>\n<td>3. Klasse bis 5. Klasse<\/td>\n<\/tr>\n<tr>\n<td>K\u00e4nguru:<\/td>\n<td>M\u00e4dchen<\/td>\n<td>6. Klasse bis\u00a09. Klasse<\/td>\n<\/tr>\n<tr>\n<td>Eagles:<\/td>\n<td>Knaben<\/td>\n<td>6. Klasse bis\u00a09. Klasse<\/td>\n<\/tr>\n<\/tbody>\n<\/table>\n<p>&nbsp;<\/p>\n<h3>Lager<\/h3>\n<p>Lagergeschichte erleben, Gemeinschaft pflegen, kochen, singen, Zelte aufstellen, Gel\u00e4ndespiele, Nachtspiele, basteln, Technik lernen, baden, verkleiden, wandern, Seilbr\u00fccken bauen, Natur erleben, Lagerfeuer\u2026<br \/>\n\u2013 1 Woche Zeltlager in den Sommerferien oder 1 Woche Hauslager in den Herbstferien (genauere Angaben werden jeweils ein halbes Jahr zuvor publiziert)<br \/>\n\u2013 Mindestalter f\u00fcr die Teilnahme: Hauslager: 8 Jahre \/ Zeltlager: 9 Jahre<\/p>\n<h3>Leiterteam und Gruppen<\/h3>\n<p>Das Leiterteam der Jungschar G\u00e4u besteht aus motivierten Leiterinnen und Leitern, welche Spass und Freude am Umgang mit Kindern haben. Ausgebildet werden sie in Leiterkursen von Besj (<a href=\"https:\/\/href.li\/?http:\/\/www.besj.ch\/\">www.besj.ch<\/a>) oder durch J&amp;S. Die Hauptverantwortung liegt beim Hauptleiter. Bei verschiedenen Anl\u00e4ssen wird das Team tatkr\u00e4ftig von ehemaligen Leiterinnen und Leitern der Jungschar G\u00e4u unterst\u00fctzt.<\/p>\n<h3>Allgemeine Informationen Pr\u00e4senz<\/h3>\n<p>Die Teilnahme an den Jungschinachmittagen ist freiwillig, wir freuen uns \u00fcber eine regelm\u00e4ssige Teilnahme. Sind Kinder zwischendurch an der Teilnahme verhindert, ist dies kein Problem. Damit die Planung ein bisschen einfacher ist, w\u00e4re es sch\u00f6n, wenn die betreffenden Kinder bei den Gruppenleitenden abgemeldet werden.<br \/>\nKinder, welche gerne einmal Jungscharluft schnuppern m\u00f6chten, d\u00fcrfen dies jederzeit tun \u2013 wir freuen uns, neue Gesichter kennen zu lernen!<\/p>\n<p>&nbsp;<\/p>\n<p>Gemeinsam mit vielen weiteren Christlichen Kinder- und Jugendverb\u00e4nde sind wir Unterzeichner der Charta der christlicher Kinder- und Jugendarbeit (CcKJ).\u00a0<a href=\"https:\/\/href.li\/?http:\/\/cckj.ch\/\">www.cckj.ch<\/a><\/p>\n<p>Die Charta erkl\u00e4rt die Ziele und Arbeitsweise christlicher Kinder- und Jugendorganisationen transparent und gut verst\u00e4ndlich. Bei uns werden Kinder und Jugendliche ganzheitlich gef\u00f6rdert. Wir setzen uns f\u00fcr einen lebensnahen und respektvollen Umgang mit jungen Menschen ein.<\/p>\n<h3><\/h3>\n<h3>Jungscharpullover \/ T-Shirt<\/h3>\n<p>Pullover: 30.- \/ Dunkelblau<br \/>\nT-Shirt: 25.- \/ K\u00f6nigsblau<br \/>\nDie T-Shirts und Pullover k\u00f6nnen bei Interesse bei\u00a0einem Leiter\u00a0jeweils vor oder nach einem Jungscharanlass gekauft werden.<\/p>\n<p>&nbsp;<\/p>\n<h3>Versicherung<\/h3>\n<p>Die Versicherung ist Sache des Teilnehmers.<\/p>\n<p>&nbsp;<\/p>\n<h3>Kosten<\/h3>\n<p>Die Jungschar G\u00e4u wird von der Ref. Kirchgemeinde G\u00e4u Egerkingen finanziert. Bei gr\u00f6sseren Ausfl\u00fcgen oder Lagern werden von den Teilnehmenden Beitr\u00e4ge erhoben. Ansonsten ist das Programm f\u00fcr die Teilnehmenden kostenlos.<\/p>\n<p>&nbsp;<\/p>\n<h3>Besj<\/h3>\n<p>Die Jungschar G\u00e4u ist dem BESJ (Bund evangelisch Schweizer Jungscharen) angeschlossen. Informationen dazu finden sich auf <a href=\"https:\/\/href.li\/?http:\/\/www.besj.ch\/\">www.besj.ch<\/a>.<\/p>\n<\/div>\n","protected":false},"excerpt":{"rendered":"<p>Wer wir sind: Die Jungschar G\u00e4u ist ein ausserschulisches Freizeitangebot f\u00fcr alle Kinder und Jugendliche zwischen 5 und 16 Jahren. Organisiert wird das Angebot von motivierten Leiterinnen und Leitern der ref. Kirchgemeinde G\u00e4u, welche in der Regel zwischen 14 und 25 Jahre alt sind. &nbsp; Unsere Motivation: \u201eAlle Kinder und Jugendlichen im G\u00e4u haben die &hellip; <a href=\"https:\/\/jungschar-gaeu.ch\/web\/?page_id=11\" class=\"more-link\"><span class=\"screen-reader-text\">Leitbild<\/span> weiterlesen<\/a><\/p>\n","protected":false},"author":1,"featured_media":0,"parent":0,"menu_order":0,"comment_status":"closed","ping_status":"closed","template":"","meta":{"jetpack_post_was_ever_published":false,"footnotes":""},"jetpack_sharing_enabled":true,"jetpack_shortlink":"https:\/\/wp.me\/P8KRWS-b","jetpack-related-posts":[],"_links":{"self":[{"href":"https:\/\/jungschar-gaeu.ch\/web\/index.php?rest_route=\/wp\/v2\/pages\/11"}],"collection":[{"href":"https:\/\/jungschar-gaeu.ch\/web\/index.php?rest_route=\/wp\/v2\/pages"}],"about":[{"href":"https:\/\/jungschar-gaeu.ch\/web\/index.php?rest_route=\/wp\/v2\/types\/page"}],"author":[{"embeddable":true,"href":"https:\/\/jungschar-gaeu.ch\/web\/index.php?rest_route=\/wp\/v2\/users\/1"}],"replies":[{"embeddable":true,"href":"https:\/\/jungschar-gaeu.ch\/web\/index.php?rest_route=%2Fwp%2Fv2%2Fcomments&post=11"}],"version-history":[{"count":3,"href":"https:\/\/jungschar-gaeu.ch\/web\/index.php?rest_route=\/wp\/v2\/pages\/11\/revisions"}],"predecessor-version":[{"id":127,"href":"https:\/\/jungschar-gaeu.ch\/web\/index.php?rest_route=\/wp\/v2\/pages\/11\/revisions\/127"}],"wp:attachment":[{"href":"https:\/\/jungschar-gaeu.ch\/web\/index.php?rest_route=%2Fwp%2Fv2%2Fmedia&parent=11"}],"curies":[{"name":"wp","href":"https:\/\/api.w.org\/{rel}","templated":true}]}}